{"id":1143,"date":"2018-08-10T19:07:09","date_gmt":"2018-08-10T17:07:09","guid":{"rendered":"https:\/\/weltwietwech.de\/?page_id=1143"},"modified":"2019-02-19T03:27:26","modified_gmt":"2019-02-19T01:27:26","slug":"kambodscha","status":"publish","type":"page","link":"https:\/\/weltwietwech.de\/?page_id=1143","title":{"rendered":"KAMBODSCHA"},"content":{"rendered":"<h3>\u00dcber das Land<\/h3>\n<p>Kambodscha ist erst im 21. Jahrhundert als Reiseland entdeckt worden. Wie auch Vietnam ist es f\u00fcr die Generation unserer Eltern und Gro\u00dfeltern kaum vorstellbar, dass man in ein Land reist, in dem vor gar nicht all zu langer Zeit noch Krieg und Unterdr\u00fcckung herrschte.<\/p>\n<p>Dabei hat Kambodscha so unglaublich viel zu bieten, wie die beeindruckenden Tempelanlagen von Angkor, wundersch\u00f6ne Landschaften mit unendlich scheinenden Reisfeldern und verbl\u00fcffenden Lotusfeldern, einsame Inseln und liebenswerte Enwohner.<\/p>\n<p>&nbsp;<\/p>\n<p><a href=\"https:\/\/weltwietwech.de\/?page_id=5245\">Unser REISEBERICHT und weitere Informationen<\/a><\/p>\n","protected":false},"excerpt":{"rendered":"<p>\u00dcber das Land Kambodscha ist erst im 21. Jahrhundert als Reiseland entdeckt worden. Wie auch Vietnam ist es f\u00fcr die Generation unserer Eltern und Gro\u00dfeltern kaum vorstellbar, dass man in ein Land reist, in dem vor gar nicht all zu langer Zeit noch Krieg und Unterdr\u00fcckung herrschte. Dabei hat Kambodscha so unglaublich viel zu bieten,&#8230;<\/p>\n","protected":false},"author":1,"featured_media":0,"parent":946,"menu_order":0,"comment_status":"closed","ping_status":"closed","template":"template-galleryKambodscha.php","meta":{"footnotes":""},"class_list":["post-1143","page","type-page","status-publish","hentry"],"_links":{"self":[{"href":"https:\/\/weltwietwech.de\/index.php?rest_route=\/wp\/v2\/pages\/1143","targetHints":{"allow":["GET"]}}],"collection":[{"href":"https:\/\/weltwietwech.de\/index.php?rest_route=\/wp\/v2\/pages"}],"about":[{"href":"https:\/\/weltwietwech.de\/index.php?rest_route=\/wp\/v2\/types\/page"}],"author":[{"embeddable":true,"href":"https:\/\/weltwietwech.de\/index.php?rest_route=\/wp\/v2\/users\/1"}],"replies":[{"embeddable":true,"href":"https:\/\/weltwietwech.de\/index.php?rest_route=%2Fwp%2Fv2%2Fcomments&post=1143"}],"version-history":[{"count":5,"href":"https:\/\/weltwietwech.de\/index.php?rest_route=\/wp\/v2\/pages\/1143\/revisions"}],"predecessor-version":[{"id":5258,"href":"https:\/\/weltwietwech.de\/index.php?rest_route=\/wp\/v2\/pages\/1143\/revisions\/5258"}],"up":[{"embeddable":true,"href":"https:\/\/weltwietwech.de\/index.php?rest_route=\/wp\/v2\/pages\/946"}],"wp:attachment":[{"href":"https:\/\/weltwietwech.de\/index.php?rest_route=%2Fwp%2Fv2%2Fmedia&parent=1143"}],"curies":[{"name":"wp","href":"https:\/\/api.w.org\/{rel}","templated":true}]}}