{"id":2350,"date":"2018-11-06T23:48:55","date_gmt":"2018-11-06T21:48:55","guid":{"rendered":"https:\/\/weltwietwech.de\/?page_id=2350"},"modified":"2019-02-15T17:06:51","modified_gmt":"2019-02-15T15:06:51","slug":"japan","status":"publish","type":"page","link":"https:\/\/weltwietwech.de\/?page_id=2350","title":{"rendered":"JAPAN"},"content":{"rendered":"<h3>\u00dcber das Land<\/h3>\n<p>Ein Land zwischen Moderne und Tradition. Vielf\u00e4ltig, voll, bunt, verr\u00fcckt, lecker, wundersch\u00f6n. Trotz Sprachbarriere kommt man dennoch mit H\u00e4nden und F\u00fc\u00dfen, Bildern und Google Translate gut zurecht. Obwohl kaum englisch gesprochen wird, sind die Japaner den Touristen gegen\u00fcber dennoch aufgeschlossen, h\u00f6flich und freundlich.<\/p>\n<p>&nbsp;<\/p>\n<p><a href=\"https:\/\/weltwietwech.de\/?page_id=5171\">Unser REISEBERICHT und weitere Informationen<\/a><\/p>\n","protected":false},"excerpt":{"rendered":"<p>\u00dcber das Land Ein Land zwischen Moderne und Tradition. Vielf\u00e4ltig, voll, bunt, verr\u00fcckt, lecker, wundersch\u00f6n. Trotz Sprachbarriere kommt man dennoch mit H\u00e4nden und F\u00fc\u00dfen, Bildern und Google Translate gut zurecht. Obwohl kaum englisch gesprochen wird, sind die Japaner den Touristen gegen\u00fcber dennoch aufgeschlossen, h\u00f6flich und freundlich. &nbsp; Unser REISEBERICHT und weitere Informationen<\/p>\n","protected":false},"author":1,"featured_media":0,"parent":946,"menu_order":0,"comment_status":"closed","ping_status":"closed","template":"template-galleryJapan.php","meta":{"footnotes":""},"class_list":["post-2350","page","type-page","status-publish","hentry"],"_links":{"self":[{"href":"https:\/\/weltwietwech.de\/index.php?rest_route=\/wp\/v2\/pages\/2350","targetHints":{"allow":["GET"]}}],"collection":[{"href":"https:\/\/weltwietwech.de\/index.php?rest_route=\/wp\/v2\/pages"}],"about":[{"href":"https:\/\/weltwietwech.de\/index.php?rest_route=\/wp\/v2\/types\/page"}],"author":[{"embeddable":true,"href":"https:\/\/weltwietwech.de\/index.php?rest_route=\/wp\/v2\/users\/1"}],"replies":[{"embeddable":true,"href":"https:\/\/weltwietwech.de\/index.php?rest_route=%2Fwp%2Fv2%2Fcomments&post=2350"}],"version-history":[{"count":5,"href":"https:\/\/weltwietwech.de\/index.php?rest_route=\/wp\/v2\/pages\/2350\/revisions"}],"predecessor-version":[{"id":5175,"href":"https:\/\/weltwietwech.de\/index.php?rest_route=\/wp\/v2\/pages\/2350\/revisions\/5175"}],"up":[{"embeddable":true,"href":"https:\/\/weltwietwech.de\/index.php?rest_route=\/wp\/v2\/pages\/946"}],"wp:attachment":[{"href":"https:\/\/weltwietwech.de\/index.php?rest_route=%2Fwp%2Fv2%2Fmedia&parent=2350"}],"curies":[{"name":"wp","href":"https:\/\/api.w.org\/{rel}","templated":true}]}}