{"id":2378,"date":"2018-11-09T03:33:28","date_gmt":"2018-11-09T01:33:28","guid":{"rendered":"https:\/\/weltwietwech.de\/?page_id=2378"},"modified":"2019-01-05T05:02:13","modified_gmt":"2019-01-05T03:02:13","slug":"kanada","status":"publish","type":"page","link":"https:\/\/weltwietwech.de\/?page_id=2378","title":{"rendered":"KANADA"},"content":{"rendered":"<h3>\u00dcber das Land<\/h3>\n<p>Landschaftlich stellen gerade die Nationalparks Kanadas alles bisher gesehene in den Schatten. Dadurch, dass Kanada das zweitgr\u00f6\u00dfte Land der Erde, gleichzeitig aber auch eines der d\u00fcnn besiedelsten L\u00e4nder mit nur 3,7 Einwohnern pro km\u00b2 ist, gibt es hier unendliche Weiten und Natur pur. Kein Haus, kein Mensch, keine Laternen, die st\u00f6rend sind. Hier kann man an kristallklaren Bergseen direkt an den Rockies so richtig zur Ruhe kommen. Und das obwohl man hier bei Weitem nicht der einzige Tourist ist. Es verl\u00e4uft sich und man f\u00fchlt sich nicht von den Menschenmassen eingeengt.<\/p>\n<p>&nbsp;<\/p>\n<p><a href=\"https:\/\/weltwietwech.de\/?p=3142\">Unser REISEBERICHT und weitere Informationen<\/a><\/p>\n","protected":false},"excerpt":{"rendered":"<p>\u00dcber das Land Landschaftlich stellen gerade die Nationalparks Kanadas alles bisher gesehene in den Schatten. Dadurch, dass Kanada das zweitgr\u00f6\u00dfte Land der Erde, gleichzeitig aber auch eines der d\u00fcnn besiedelsten L\u00e4nder mit nur 3,7 Einwohnern pro km\u00b2 ist, gibt es hier unendliche Weiten und Natur pur. Kein Haus, kein Mensch, keine Laternen, die st\u00f6rend sind&#8230;.<\/p>\n","protected":false},"author":1,"featured_media":0,"parent":946,"menu_order":0,"comment_status":"closed","ping_status":"closed","template":"template-galleryKanada.php","meta":{"footnotes":""},"class_list":["post-2378","page","type-page","status-publish","hentry"],"_links":{"self":[{"href":"https:\/\/weltwietwech.de\/index.php?rest_route=\/wp\/v2\/pages\/2378","targetHints":{"allow":["GET"]}}],"collection":[{"href":"https:\/\/weltwietwech.de\/index.php?rest_route=\/wp\/v2\/pages"}],"about":[{"href":"https:\/\/weltwietwech.de\/index.php?rest_route=\/wp\/v2\/types\/page"}],"author":[{"embeddable":true,"href":"https:\/\/weltwietwech.de\/index.php?rest_route=\/wp\/v2\/users\/1"}],"replies":[{"embeddable":true,"href":"https:\/\/weltwietwech.de\/index.php?rest_route=%2Fwp%2Fv2%2Fcomments&post=2378"}],"version-history":[{"count":4,"href":"https:\/\/weltwietwech.de\/index.php?rest_route=\/wp\/v2\/pages\/2378\/revisions"}],"predecessor-version":[{"id":4076,"href":"https:\/\/weltwietwech.de\/index.php?rest_route=\/wp\/v2\/pages\/2378\/revisions\/4076"}],"up":[{"embeddable":true,"href":"https:\/\/weltwietwech.de\/index.php?rest_route=\/wp\/v2\/pages\/946"}],"wp:attachment":[{"href":"https:\/\/weltwietwech.de\/index.php?rest_route=%2Fwp%2Fv2%2Fmedia&parent=2378"}],"curies":[{"name":"wp","href":"https:\/\/api.w.org\/{rel}","templated":true}]}}