{"id":3060,"date":"2018-12-11T05:01:26","date_gmt":"2018-12-11T03:01:26","guid":{"rendered":"https:\/\/weltwietwech.de\/?page_id=3060"},"modified":"2019-01-27T04:01:48","modified_gmt":"2019-01-27T02:01:48","slug":"usa","status":"publish","type":"page","link":"https:\/\/weltwietwech.de\/?page_id=3060","title":{"rendered":"USA"},"content":{"rendered":"<h3>\u00dcber das Land<\/h3>\n<p>50 Staaten, 330 Millionen Einwohner, sechs Zeitzonen, vier Klimazonen, ein Land. Die USA sind aufgrund ihrer Gr\u00f6\u00dfe so sch\u00f6n vielf\u00e4ltig. Und obwohl einige Einwohner (den Pr\u00e4sidenten eingeschlossen) den internationalen Ruf der Vereinigten Staaten sch\u00e4digen, wurde dieses Bild vor Ort in den St\u00e4dten und durch die beeindruckenden Landschaften revidiert.<\/p>\n<p>Es waren die Hippyvibes in San Francisco, die Lichter im fabulous Las Vagas, die Str\u00e4nde und K\u00fcsten der Westcoast, die Weinberge von Napa Valley, die Biere in Portland und ganz besonders die umwerfende und vielseitige Natur der Nationalparks des Landes, die uns begeistert haben.<\/p>\n<p>&nbsp;<\/p>\n<p><a href=\"https:\/\/weltwietwech.de\/?page_id=3301\">Unser REISEBERICHT und weitere Informationen<\/a><\/p>\n","protected":false},"excerpt":{"rendered":"<p>\u00dcber das Land 50 Staaten, 330 Millionen Einwohner, sechs Zeitzonen, vier Klimazonen, ein Land. Die USA sind aufgrund ihrer Gr\u00f6\u00dfe so sch\u00f6n vielf\u00e4ltig. Und obwohl einige Einwohner (den Pr\u00e4sidenten eingeschlossen) den internationalen Ruf der Vereinigten Staaten sch\u00e4digen, wurde dieses Bild vor Ort in den St\u00e4dten und durch die beeindruckenden Landschaften revidiert. Es waren die Hippyvibes&#8230;<\/p>\n","protected":false},"author":1,"featured_media":0,"parent":946,"menu_order":0,"comment_status":"closed","ping_status":"closed","template":"template-galleryUSA.php","meta":{"footnotes":""},"class_list":["post-3060","page","type-page","status-publish","hentry"],"_links":{"self":[{"href":"https:\/\/weltwietwech.de\/index.php?rest_route=\/wp\/v2\/pages\/3060","targetHints":{"allow":["GET"]}}],"collection":[{"href":"https:\/\/weltwietwech.de\/index.php?rest_route=\/wp\/v2\/pages"}],"about":[{"href":"https:\/\/weltwietwech.de\/index.php?rest_route=\/wp\/v2\/types\/page"}],"author":[{"embeddable":true,"href":"https:\/\/weltwietwech.de\/index.php?rest_route=\/wp\/v2\/users\/1"}],"replies":[{"embeddable":true,"href":"https:\/\/weltwietwech.de\/index.php?rest_route=%2Fwp%2Fv2%2Fcomments&post=3060"}],"version-history":[{"count":3,"href":"https:\/\/weltwietwech.de\/index.php?rest_route=\/wp\/v2\/pages\/3060\/revisions"}],"predecessor-version":[{"id":4492,"href":"https:\/\/weltwietwech.de\/index.php?rest_route=\/wp\/v2\/pages\/3060\/revisions\/4492"}],"up":[{"embeddable":true,"href":"https:\/\/weltwietwech.de\/index.php?rest_route=\/wp\/v2\/pages\/946"}],"wp:attachment":[{"href":"https:\/\/weltwietwech.de\/index.php?rest_route=%2Fwp%2Fv2%2Fmedia&parent=3060"}],"curies":[{"name":"wp","href":"https:\/\/api.w.org\/{rel}","templated":true}]}}