{"id":4031,"date":"2019-01-05T04:42:45","date_gmt":"2019-01-05T02:42:45","guid":{"rendered":"https:\/\/weltwietwech.de\/?page_id=4031"},"modified":"2019-02-01T04:58:40","modified_gmt":"2019-02-01T02:58:40","slug":"peru","status":"publish","type":"page","link":"https:\/\/weltwietwech.de\/?page_id=4031","title":{"rendered":"PERU"},"content":{"rendered":"<h3>\u00dcber das Land<\/h3>\n<p>Peru ist nach Brasilien und Argentinien das drittgr\u00f6\u00dfte Land S\u00fcdamerikas und besitzt aufgrund der Gr\u00f6\u00dfe und der geographischen Bedingungen drei unterschiedliche Klimazonen: Die K\u00fcste, das Anden-Hochland und den Regenwald. So reichen die Landschaften Perus von K\u00fcstenw\u00fcsten \u00fcber die Amazonasregenw\u00e4lder bis hin zu den Andengletschern. W\u00e4hrend der S\u00fcden mit den meisten Sehensw\u00fcrdigkeiten auftrumpft und daher touristisch voll erschlossen ist, ist der Norden ruhiger und vermutlich authentischer.<\/p>\n<p>&nbsp;<\/p>\n<p><a href=\"https:\/\/weltwietwech.de\/?page_id=4223\">Unser REISEBERICHT und weitere Informationen<\/a><\/p>\n","protected":false},"excerpt":{"rendered":"<p>\u00dcber das Land Peru ist nach Brasilien und Argentinien das drittgr\u00f6\u00dfte Land S\u00fcdamerikas und besitzt aufgrund der Gr\u00f6\u00dfe und der geographischen Bedingungen drei unterschiedliche Klimazonen: Die K\u00fcste, das Anden-Hochland und den Regenwald. So reichen die Landschaften Perus von K\u00fcstenw\u00fcsten \u00fcber die Amazonasregenw\u00e4lder bis hin zu den Andengletschern. W\u00e4hrend der S\u00fcden mit den meisten Sehensw\u00fcrdigkeiten auftrumpft&#8230;<\/p>\n","protected":false},"author":1,"featured_media":0,"parent":946,"menu_order":0,"comment_status":"closed","ping_status":"closed","template":"template-galleryPeru.php","meta":{"footnotes":""},"class_list":["post-4031","page","type-page","status-publish","hentry"],"_links":{"self":[{"href":"https:\/\/weltwietwech.de\/index.php?rest_route=\/wp\/v2\/pages\/4031","targetHints":{"allow":["GET"]}}],"collection":[{"href":"https:\/\/weltwietwech.de\/index.php?rest_route=\/wp\/v2\/pages"}],"about":[{"href":"https:\/\/weltwietwech.de\/index.php?rest_route=\/wp\/v2\/types\/page"}],"author":[{"embeddable":true,"href":"https:\/\/weltwietwech.de\/index.php?rest_route=\/wp\/v2\/users\/1"}],"replies":[{"embeddable":true,"href":"https:\/\/weltwietwech.de\/index.php?rest_route=%2Fwp%2Fv2%2Fcomments&post=4031"}],"version-history":[{"count":3,"href":"https:\/\/weltwietwech.de\/index.php?rest_route=\/wp\/v2\/pages\/4031\/revisions"}],"predecessor-version":[{"id":4662,"href":"https:\/\/weltwietwech.de\/index.php?rest_route=\/wp\/v2\/pages\/4031\/revisions\/4662"}],"up":[{"embeddable":true,"href":"https:\/\/weltwietwech.de\/index.php?rest_route=\/wp\/v2\/pages\/946"}],"wp:attachment":[{"href":"https:\/\/weltwietwech.de\/index.php?rest_route=%2Fwp%2Fv2%2Fmedia&parent=4031"}],"curies":[{"name":"wp","href":"https:\/\/api.w.org\/{rel}","templated":true}]}}