{"id":952,"date":"2018-07-30T19:09:54","date_gmt":"2018-07-30T17:09:54","guid":{"rendered":"https:\/\/weltwietwech.de\/?page_id=952"},"modified":"2019-01-05T05:07:12","modified_gmt":"2019-01-05T03:07:12","slug":"thailand","status":"publish","type":"page","link":"https:\/\/weltwietwech.de\/?page_id=952","title":{"rendered":"THAILAND"},"content":{"rendered":"<h3>\u00dcber das Land<\/h3>\n<p>Das Land des L\u00e4chelns &#8211; Thailand ist das beliebteste Reiseland in ganz S\u00fcdostasien &#8211; das \u201eEinsteigerland\u201c f\u00fcr Backpacker. Das Land ist ganzj\u00e4hrig zu bereisen und aufgrund der touristischen Erschlossenheit ist es sehr einfach von A nach B zu kommen. Thailand reizt besonders aufgrund seiner buddhistisch-friedlichen Kultur, den imposanten Tempelanlagen, der abwechslungsreichen Landschaft, den malerisch sch\u00f6nen Inseln, dem leckeren Thai-Essen und der g\u00fcnstigen Preise.<br \/>\nDoch das Thailand, das wir in unseren ersten Tagen kennengelernt haben, war etwas anders&#8230;<\/p>\n<p>&nbsp;<\/p>\n<p><a href=\"https:\/\/weltwietwech.de\/?page_id=2414\">Unser REISEBERICHT und weitere Informationen<\/a><\/p>\n","protected":false},"excerpt":{"rendered":"<p>\u00dcber das Land Das Land des L\u00e4chelns &#8211; Thailand ist das beliebteste Reiseland in ganz S\u00fcdostasien &#8211; das \u201eEinsteigerland\u201c f\u00fcr Backpacker. Das Land ist ganzj\u00e4hrig zu bereisen und aufgrund der touristischen Erschlossenheit ist es sehr einfach von A nach B zu kommen. Thailand reizt besonders aufgrund seiner buddhistisch-friedlichen Kultur, den imposanten Tempelanlagen, der abwechslungsreichen Landschaft,&#8230;<\/p>\n","protected":false},"author":1,"featured_media":0,"parent":946,"menu_order":0,"comment_status":"closed","ping_status":"closed","template":"template-galleryThailand.php","meta":{"footnotes":""},"class_list":["post-952","page","type-page","status-publish","hentry"],"_links":{"self":[{"href":"https:\/\/weltwietwech.de\/index.php?rest_route=\/wp\/v2\/pages\/952","targetHints":{"allow":["GET"]}}],"collection":[{"href":"https:\/\/weltwietwech.de\/index.php?rest_route=\/wp\/v2\/pages"}],"about":[{"href":"https:\/\/weltwietwech.de\/index.php?rest_route=\/wp\/v2\/types\/page"}],"author":[{"embeddable":true,"href":"https:\/\/weltwietwech.de\/index.php?rest_route=\/wp\/v2\/users\/1"}],"replies":[{"embeddable":true,"href":"https:\/\/weltwietwech.de\/index.php?rest_route=%2Fwp%2Fv2%2Fcomments&post=952"}],"version-history":[{"count":6,"href":"https:\/\/weltwietwech.de\/index.php?rest_route=\/wp\/v2\/pages\/952\/revisions"}],"predecessor-version":[{"id":4081,"href":"https:\/\/weltwietwech.de\/index.php?rest_route=\/wp\/v2\/pages\/952\/revisions\/4081"}],"up":[{"embeddable":true,"href":"https:\/\/weltwietwech.de\/index.php?rest_route=\/wp\/v2\/pages\/946"}],"wp:attachment":[{"href":"https:\/\/weltwietwech.de\/index.php?rest_route=%2Fwp%2Fv2%2Fmedia&parent=952"}],"curies":[{"name":"wp","href":"https:\/\/api.w.org\/{rel}","templated":true}]}}